{"id":916,"date":"2017-09-29T14:52:56","date_gmt":"2017-09-29T18:52:56","guid":{"rendered":"https:\/\/touva.net\/about\/"},"modified":"2017-11-26T23:44:24","modified_gmt":"2017-11-27T04:44:24","slug":"a-propos","status":"publish","type":"page","link":"https:\/\/touva.net\/fr\/a-propos\/","title":{"rendered":"\u00c0 propos de TouVA"},"content":{"rendered":"<p>Fond\u00e9 au printemps 2007, le collectif TouVA (compos\u00e9 de Sylvie <strong>Tou<\/strong>rangeau, <strong>V<\/strong>ictoria Stanton et <strong>A<\/strong>nne B\u00e9rub\u00e9) de Montr\u00e9al est un groupe d&rsquo;\u00e9tude sur les modes du performatif. Actif en art performance, le trio multiplie les occasions de recherche en privil\u00e9giant plusieurs approches \u00e0 la fois&nbsp;: performances, conf\u00e9rences, blogues, laboratoires d&rsquo;exp\u00e9rimentation et d&rsquo;\u00e9changes dynamiques avec des artistes, coaching dans une vari\u00e9t\u00e9 de contextes &#8211; y compris les festivals internationaux &#8211; sont parmi ses r\u00e9alisations.<\/p>\n<div data-carousel-extra='{&quot;blog_id&quot;:1,&quot;permalink&quot;:&quot;https:\/\/touva.net\/fr\/a-propos\/&quot;}' id='gallery-1' class='gallery galleryid-916 gallery-columns-3 gallery-size-medium'><figure class='gallery-item'>\n\t\t\t<div class='gallery-icon landscape'>\n\t\t\t\t<a href=\"https:\/\/i0.wp.com\/touva.net\/wp-content\/uploads\/2017\/09\/sylvie-tourangeau.jpg?ssl=1\"><img loading=\"lazy\" decoding=\"async\" width=\"300\" height=\"225\" src=\"https:\/\/i0.wp.com\/touva.net\/wp-content\/uploads\/2017\/09\/sylvie-tourangeau.jpg?fit=300%2C225&amp;ssl=1\" class=\"attachment-medium size-medium\" alt=\"\" srcset=\"https:\/\/i0.wp.com\/touva.net\/wp-content\/uploads\/2017\/09\/sylvie-tourangeau.jpg?w=1200&amp;ssl=1 1200w, https:\/\/i0.wp.com\/touva.net\/wp-content\/uploads\/2017\/09\/sylvie-tourangeau.jpg?resize=300%2C225&amp;ssl=1 300w, https:\/\/i0.wp.com\/touva.net\/wp-content\/uploads\/2017\/09\/sylvie-tourangeau.jpg?resize=768%2C576&amp;ssl=1 768w, https:\/\/i0.wp.com\/touva.net\/wp-content\/uploads\/2017\/09\/sylvie-tourangeau.jpg?resize=1024%2C768&amp;ssl=1 1024w\" sizes=\"auto, (max-width: 300px) 100vw, 300px\" data-attachment-id=\"928\" data-permalink=\"https:\/\/touva.net\/fr\/a-propos\/sylvie-tourangeau\/\" data-orig-file=\"https:\/\/i0.wp.com\/touva.net\/wp-content\/uploads\/2017\/09\/sylvie-tourangeau.jpg?fit=1200%2C900&amp;ssl=1\" data-orig-size=\"1200,900\" data-comments-opened=\"1\" data-image-meta=\"{&quot;aperture&quot;:&quot;0&quot;,&quot;credit&quot;:&quot;&quot;,&quot;camera&quot;:&quot;&quot;,&quot;caption&quot;:&quot;&quot;,&quot;created_timestamp&quot;:&quot;0&quot;,&quot;copyright&quot;:&quot;&quot;,&quot;focal_length&quot;:&quot;0&quot;,&quot;iso&quot;:&quot;0&quot;,&quot;shutter_speed&quot;:&quot;0&quot;,&quot;title&quot;:&quot;&quot;,&quot;orientation&quot;:&quot;0&quot;}\" data-image-title=\"Sylvie Tourangeau\" data-image-description=\"\" data-image-caption=\"\" data-large-file=\"https:\/\/i0.wp.com\/touva.net\/wp-content\/uploads\/2017\/09\/sylvie-tourangeau.jpg?fit=740%2C555&amp;ssl=1\" \/><\/a>\n\t\t\t<\/div><\/figure><figure class='gallery-item'>\n\t\t\t<div class='gallery-icon landscape'>\n\t\t\t\t<a href=\"https:\/\/i0.wp.com\/touva.net\/wp-content\/uploads\/2017\/09\/victoria-stanton.jpg?ssl=1\"><img loading=\"lazy\" decoding=\"async\" width=\"300\" height=\"225\" src=\"https:\/\/i0.wp.com\/touva.net\/wp-content\/uploads\/2017\/09\/victoria-stanton.jpg?fit=300%2C225&amp;ssl=1\" class=\"attachment-medium size-medium\" alt=\"\" srcset=\"https:\/\/i0.wp.com\/touva.net\/wp-content\/uploads\/2017\/09\/victoria-stanton.jpg?w=1200&amp;ssl=1 1200w, https:\/\/i0.wp.com\/touva.net\/wp-content\/uploads\/2017\/09\/victoria-stanton.jpg?resize=300%2C225&amp;ssl=1 300w, https:\/\/i0.wp.com\/touva.net\/wp-content\/uploads\/2017\/09\/victoria-stanton.jpg?resize=768%2C576&amp;ssl=1 768w, https:\/\/i0.wp.com\/touva.net\/wp-content\/uploads\/2017\/09\/victoria-stanton.jpg?resize=1024%2C768&amp;ssl=1 1024w\" sizes=\"auto, (max-width: 300px) 100vw, 300px\" data-attachment-id=\"926\" data-permalink=\"https:\/\/touva.net\/fr\/a-propos\/victoria-stanton\/\" data-orig-file=\"https:\/\/i0.wp.com\/touva.net\/wp-content\/uploads\/2017\/09\/victoria-stanton.jpg?fit=1200%2C900&amp;ssl=1\" data-orig-size=\"1200,900\" data-comments-opened=\"1\" data-image-meta=\"{&quot;aperture&quot;:&quot;0&quot;,&quot;credit&quot;:&quot;&quot;,&quot;camera&quot;:&quot;&quot;,&quot;caption&quot;:&quot;&quot;,&quot;created_timestamp&quot;:&quot;0&quot;,&quot;copyright&quot;:&quot;&quot;,&quot;focal_length&quot;:&quot;0&quot;,&quot;iso&quot;:&quot;0&quot;,&quot;shutter_speed&quot;:&quot;0&quot;,&quot;title&quot;:&quot;&quot;,&quot;orientation&quot;:&quot;0&quot;}\" data-image-title=\"Victoria Stanton\" data-image-description=\"\" data-image-caption=\"\" data-large-file=\"https:\/\/i0.wp.com\/touva.net\/wp-content\/uploads\/2017\/09\/victoria-stanton.jpg?fit=740%2C555&amp;ssl=1\" \/><\/a>\n\t\t\t<\/div><\/figure><figure class='gallery-item'>\n\t\t\t<div class='gallery-icon landscape'>\n\t\t\t\t<a href=\"https:\/\/i0.wp.com\/touva.net\/wp-content\/uploads\/2017\/09\/anne-berube.jpg?ssl=1\"><img loading=\"lazy\" decoding=\"async\" width=\"300\" height=\"225\" src=\"https:\/\/i0.wp.com\/touva.net\/wp-content\/uploads\/2017\/09\/anne-berube.jpg?fit=300%2C225&amp;ssl=1\" class=\"attachment-medium size-medium\" alt=\"\" srcset=\"https:\/\/i0.wp.com\/touva.net\/wp-content\/uploads\/2017\/09\/anne-berube.jpg?w=1200&amp;ssl=1 1200w, https:\/\/i0.wp.com\/touva.net\/wp-content\/uploads\/2017\/09\/anne-berube.jpg?resize=300%2C225&amp;ssl=1 300w, https:\/\/i0.wp.com\/touva.net\/wp-content\/uploads\/2017\/09\/anne-berube.jpg?resize=768%2C576&amp;ssl=1 768w, https:\/\/i0.wp.com\/touva.net\/wp-content\/uploads\/2017\/09\/anne-berube.jpg?resize=1024%2C768&amp;ssl=1 1024w\" sizes=\"auto, (max-width: 300px) 100vw, 300px\" data-attachment-id=\"927\" data-permalink=\"https:\/\/touva.net\/fr\/a-propos\/anne-berube\/\" data-orig-file=\"https:\/\/i0.wp.com\/touva.net\/wp-content\/uploads\/2017\/09\/anne-berube.jpg?fit=1200%2C900&amp;ssl=1\" data-orig-size=\"1200,900\" data-comments-opened=\"1\" data-image-meta=\"{&quot;aperture&quot;:&quot;0&quot;,&quot;credit&quot;:&quot;&quot;,&quot;camera&quot;:&quot;&quot;,&quot;caption&quot;:&quot;&quot;,&quot;created_timestamp&quot;:&quot;0&quot;,&quot;copyright&quot;:&quot;&quot;,&quot;focal_length&quot;:&quot;0&quot;,&quot;iso&quot;:&quot;0&quot;,&quot;shutter_speed&quot;:&quot;0&quot;,&quot;title&quot;:&quot;&quot;,&quot;orientation&quot;:&quot;0&quot;}\" data-image-title=\"Anne Berube\" data-image-description=\"\" data-image-caption=\"\" data-large-file=\"https:\/\/i0.wp.com\/touva.net\/wp-content\/uploads\/2017\/09\/anne-berube.jpg?fit=740%2C555&amp;ssl=1\" \/><\/a>\n\t\t\t<\/div><\/figure>\n\t\t<\/div>\n\n<p>V\u00e9ritable chantier participatif, le collectif TouVA s&rsquo;engage \u00e0 garder vivante la r\u00e9flexion sur le performatif. Parmi leurs activit\u00e9s une participation au Festival M:ST, Calgary (2016), des performances pour le 30e d&rsquo;EXPRESSION, centre d&rsquo;exposition de Saint-Hyacinthe (2016), pour le Mus\u00e9e du Bas-Saint-Laurent (2015), pour la fonderie Darling, invit\u00e9 par la commissaire allemande Janine Eisen\u00e4cher (2013), Fait Maison, Gatineau (2009), des workshops anim\u00e9s en collectif pour M:ST, Calgary (2012, 2016, 2017), des conf\u00e9rences performatives au festival VIVA! Art action, Montr\u00e9al (2009), Festival d\u2019art performance 7a*11d, Toronto (2010), et M:ST, Calgary (2014) ainsi que plusieurs performances et r\u00e9sidences de cr\u00e9ation&nbsp;: Le 4330, Montr\u00e9al (2011) et le centre d&rsquo;information Artexte, Montr\u00e9al (2008-2009).<\/p>\n<p>Pour la r\u00e9alisation du livre <strong><em>Le 7<sup>e<\/sup> sens<\/em><\/strong>, un ouvrage qui comprend des essais, un lexique et des t\u00e9moignages d\u2019une trentaine d\u2019artistes contemporains en art performance, le collectif TouVA a b\u00e9n\u00e9fici\u00e9 de l&rsquo;appui du Conseil des arts et des lettres du Qu\u00e9bec, du Conseil des arts du Canada et de Patrimoine Canada.<\/p>\n<p>&nbsp;<\/p>\n<h2>\u00c0 propos de chaque membre<\/h2>\n<div class=\"bio\"><a href=\"https:\/\/i0.wp.com\/touva.net\/wp-content\/uploads\/2017\/09\/anne-berube-cropped.jpg?ssl=1\"><img data-recalc-dims=\"1\" loading=\"lazy\" decoding=\"async\" data-attachment-id=\"931\" data-permalink=\"https:\/\/touva.net\/fr\/a-propos\/anne-berube-cropped\/\" data-orig-file=\"https:\/\/i0.wp.com\/touva.net\/wp-content\/uploads\/2017\/09\/anne-berube-cropped.jpg?fit=240%2C240&amp;ssl=1\" data-orig-size=\"240,240\" data-comments-opened=\"1\" data-image-meta=\"{&quot;aperture&quot;:&quot;0&quot;,&quot;credit&quot;:&quot;&quot;,&quot;camera&quot;:&quot;&quot;,&quot;caption&quot;:&quot;&quot;,&quot;created_timestamp&quot;:&quot;0&quot;,&quot;copyright&quot;:&quot;&quot;,&quot;focal_length&quot;:&quot;0&quot;,&quot;iso&quot;:&quot;0&quot;,&quot;shutter_speed&quot;:&quot;0&quot;,&quot;title&quot;:&quot;&quot;,&quot;orientation&quot;:&quot;0&quot;}\" data-image-title=\"Anne Berube\" data-image-description=\"\" data-image-caption=\"\" data-large-file=\"https:\/\/i0.wp.com\/touva.net\/wp-content\/uploads\/2017\/09\/anne-berube-cropped.jpg?fit=240%2C240&amp;ssl=1\" class=\"alignleft size-full wp-image-931\" src=\"https:\/\/i0.wp.com\/touva.net\/wp-content\/uploads\/2017\/09\/anne-berube-cropped.jpg?resize=240%2C240&#038;ssl=1\" alt=\"Anne Berube\" width=\"240\" height=\"240\" srcset=\"https:\/\/i0.wp.com\/touva.net\/wp-content\/uploads\/2017\/09\/anne-berube-cropped.jpg?w=240&amp;ssl=1 240w, https:\/\/i0.wp.com\/touva.net\/wp-content\/uploads\/2017\/09\/anne-berube-cropped.jpg?resize=150%2C150&amp;ssl=1 150w\" sizes=\"auto, (max-width: 240px) 100vw, 240px\" \/><\/a><strong>Anne B\u00e9rub\u00e9<\/strong> est form\u00e9e en \u00e9tude des arts et en literature et \u0153uvre dans les deux domaines en tant que chercheuse et praticienne. Conf\u00e9renci\u00e8re et mod\u00e9ratrice \u00e0 ses heures, elle a aussi produit plusieurs textes sur des artistes d\u2019ici pour diff\u00e9rents catalogues d\u2019exposition. Elle est membre de plusieurs groupes de r\u00e9flexion et de cr\u00e9ation impliquant l\u2019art et la justice sociale. En 1997, elle faisait para\u00eetre un important ouvrage de r\u00e9f\u00e9rence sur l\u2019installation (Pistes et territoire, 1975-1995), codirig\u00e9 avec Sylvie Cotton. Depuis plus de vingt ans, elle int\u00e8gre un volet performatif \u00e0 sa pratique d\u2019enseignement en litt\u00e9rature au coll\u00e9gial.<\/div>\n<div class=\"bio\"><a href=\"https:\/\/i0.wp.com\/touva.net\/wp-content\/uploads\/2017\/09\/victoria-stanton-cropped.jpg?ssl=1\"><img data-recalc-dims=\"1\" loading=\"lazy\" decoding=\"async\" data-attachment-id=\"929\" data-permalink=\"https:\/\/touva.net\/fr\/a-propos\/victoria-stanton-cropped-2\/\" data-orig-file=\"https:\/\/i0.wp.com\/touva.net\/wp-content\/uploads\/2017\/09\/victoria-stanton-cropped.jpg?fit=240%2C240&amp;ssl=1\" data-orig-size=\"240,240\" data-comments-opened=\"1\" data-image-meta=\"{&quot;aperture&quot;:&quot;0&quot;,&quot;credit&quot;:&quot;&quot;,&quot;camera&quot;:&quot;&quot;,&quot;caption&quot;:&quot;&quot;,&quot;created_timestamp&quot;:&quot;0&quot;,&quot;copyright&quot;:&quot;&quot;,&quot;focal_length&quot;:&quot;0&quot;,&quot;iso&quot;:&quot;0&quot;,&quot;shutter_speed&quot;:&quot;0&quot;,&quot;title&quot;:&quot;&quot;,&quot;orientation&quot;:&quot;0&quot;}\" data-image-title=\"Victoria Stanton\" data-image-description=\"\" data-image-caption=\"\" data-large-file=\"https:\/\/i0.wp.com\/touva.net\/wp-content\/uploads\/2017\/09\/victoria-stanton-cropped.jpg?fit=240%2C240&amp;ssl=1\" class=\"alignleft size-full wp-image-929\" src=\"https:\/\/i0.wp.com\/touva.net\/wp-content\/uploads\/2017\/09\/victoria-stanton-cropped.jpg?resize=240%2C240&#038;ssl=1\" alt=\"Victoria Stanton\" width=\"240\" height=\"240\" srcset=\"https:\/\/i0.wp.com\/touva.net\/wp-content\/uploads\/2017\/09\/victoria-stanton-cropped.jpg?w=240&amp;ssl=1 240w, https:\/\/i0.wp.com\/touva.net\/wp-content\/uploads\/2017\/09\/victoria-stanton-cropped.jpg?resize=150%2C150&amp;ssl=1 150w\" sizes=\"auto, (max-width: 240px) 100vw, 240px\" \/><\/a><strong>Victoria Stanton<\/strong>\u00a0est une artiste interdisciplinaire. Ses praitques, fond\u00e9es dans les notions de la pr\u00e9sence et de la conscience performative, rend compte de la complexit\u00e9 d\u2019une d\u00e9marche o\u00f9 la n\u00e9gociation avec l\u2019autre est un enjeu \u00e0 la fois fondamental et porteur d\u2019un potentiel de transformation r\u00e9ciproque. \u00c0 travers cette pratique multicouche, Stanton s\u2019engage dans un processus artistique reliant les pratiques infiltrantes, transactionnelles et relationnelles en lien avec diverses communaut\u00e9s spontan\u00e9es et ce, dans de multiples contextes au Canada et \u00e0 l\u2019international. Artiste-chercheure, elle s\u2019int\u00e9resse \u00e9galement au ph\u00e9nom\u00e8ne de l\u2019entre-espace, l\u2019intervalle entre soi et l\u2019architecture, l\u2019objet, le lieu, l\u2019autre, dans une optique \u00e9largie de la g\u00e9ographie humaine. Consid\u00e9r\u00e9e comme une des pionni\u00e8res des pratiques transactionnelles au Qu\u00e9bec, ses oeuvres interdisciplinaires (interventions, actions et conf\u00e9rences performatives, publications, photos, films, vid\u00e9os) ont \u00e9t\u00e9 d\u00e9j\u00e0 pr\u00e9sent\u00e9es au Qu\u00e9bec, au Canada, aux \u00c9tats-Unis, en Europe, en Australie, au Japon et au Mexique. Son premier livre Impure, Reinventing the Word: The Theory, Practice and Oral History of Spoken Word in Montreal (conundrum press, 2001), co-r\u00e9dig\u00e9 avec Vincent Tinguely, a document\u00e9 un mouvement artistique dynamique \u00e0 travers des entretiens avec plus de 75 artistes.\u00a0<a href=\"http:\/\/bankofvictoria.com\/\">http:\/\/bankofvictoria.com<\/a><\/div>\n<div class=\"bio\"><a href=\"https:\/\/i0.wp.com\/touva.net\/wp-content\/uploads\/2017\/09\/sylvie-tourangeau-cropped.jpg?ssl=1\"><img data-recalc-dims=\"1\" loading=\"lazy\" decoding=\"async\" data-attachment-id=\"933\" data-permalink=\"https:\/\/touva.net\/fr\/a-propos\/sylvie-tourangeau-cropped-2\/\" data-orig-file=\"https:\/\/i0.wp.com\/touva.net\/wp-content\/uploads\/2017\/09\/sylvie-tourangeau-cropped.jpg?fit=240%2C240&amp;ssl=1\" data-orig-size=\"240,240\" data-comments-opened=\"1\" data-image-meta=\"{&quot;aperture&quot;:&quot;0&quot;,&quot;credit&quot;:&quot;&quot;,&quot;camera&quot;:&quot;&quot;,&quot;caption&quot;:&quot;&quot;,&quot;created_timestamp&quot;:&quot;0&quot;,&quot;copyright&quot;:&quot;&quot;,&quot;focal_length&quot;:&quot;0&quot;,&quot;iso&quot;:&quot;0&quot;,&quot;shutter_speed&quot;:&quot;0&quot;,&quot;title&quot;:&quot;&quot;,&quot;orientation&quot;:&quot;0&quot;}\" data-image-title=\"Sylvie Tourangeau\" data-image-description=\"\" data-image-caption=\"\" data-large-file=\"https:\/\/i0.wp.com\/touva.net\/wp-content\/uploads\/2017\/09\/sylvie-tourangeau-cropped.jpg?fit=240%2C240&amp;ssl=1\" class=\"alignleft size-full wp-image-933\" src=\"https:\/\/i0.wp.com\/touva.net\/wp-content\/uploads\/2017\/09\/sylvie-tourangeau-cropped.jpg?resize=240%2C240&#038;ssl=1\" alt=\"Sylvie Tourangeau\" width=\"240\" height=\"240\" srcset=\"https:\/\/i0.wp.com\/touva.net\/wp-content\/uploads\/2017\/09\/sylvie-tourangeau-cropped.jpg?w=240&amp;ssl=1 240w, https:\/\/i0.wp.com\/touva.net\/wp-content\/uploads\/2017\/09\/sylvie-tourangeau-cropped.jpg?resize=150%2C150&amp;ssl=1 150w\" sizes=\"auto, (max-width: 240px) 100vw, 240px\" \/><\/a><strong>Sylvie Tourangeau<\/strong>\u00a0est consid\u00e9r\u00e9e comme une pionni\u00e8re de l\u2019art performance au Canada. Depuis 1978, ses actions, ses ateliers collectifs et ses coaching individuels cr\u00e9ent un espace actif d\u2019exp\u00e9rimentation de la conscience performative \u00e0 travers des actions minimales qui rench\u00e9rissent la qualit\u00e9 de pr\u00e9sence, soutiennent l\u2019intensit\u00e9 et personnifient le lien avec le spectateur. Performances, art relationnel, pratiques furtives et rituels de circonstances sont des pratiques dans lesquelles elle s\u2019investit. Elle a aussi publi\u00e9 des livres d\u2019artistes et plus d\u2019une soixantaine d\u2019articles sur un ensemble important de performeur.es. En 2017, elle met sur pied un lieu de r\u00e9sidence d&rsquo;artistes, au c\u0153ur du patrimoine b\u00e2ti du Qu\u00e9bec, La maison aux volets jaunes vou\u00e9 aux arts performatifs (workshops, auto-r\u00e9sidences et laboratoires collectifs).<\/div>\n<div><a class=\"btn\" href=\"https:\/\/touva.net\/wp-content\/uploads\/2017\/11\/TouVA_CV_web.pdf\">T\u00e9l\u00e9charger le CV de TouVA<\/a><\/div>\n","protected":false},"excerpt":{"rendered":"<p>Fond\u00e9 au printemps 2007, le collectif TouVA (compos\u00e9 de Sylvie Tourangeau, Victoria Stanton et Anne B\u00e9rub\u00e9) de Montr\u00e9al est un groupe d&rsquo;\u00e9tude sur les modes du performatif. Actif en art performance, le trio multiplie les occasions de recherche en privil\u00e9giant plusieurs approches \u00e0 la fois&nbsp;: performances, conf\u00e9rences, blogues, laboratoires d&rsquo;exp\u00e9rimentation et d&rsquo;\u00e9changes dynamiques avec des &hellip; <a href=\"https:\/\/touva.net\/fr\/a-propos\/\" class=\"more-link\">Lire la suite <span class=\"screen-reader-text\">\u00c0 propos de TouVA<\/span><\/a><\/p>\n","protected":false},"author":2,"featured_media":0,"parent":0,"menu_order":1,"comment_status":"closed","ping_status":"closed","template":"","meta":{"footnotes":""},"class_list":["post-916","page","type-page","status-publish","hentry"],"yoast_head":"<!-- This site is optimized with the Yoast SEO plugin v27.4 - https:\/\/yoast.com\/product\/yoast-seo-wordpress\/ -->\n<title>\u00c0 propos de TouVA | Collectif montr\u00e9alais de recherche et cr\u00e9ation en art performance<\/title>\n<meta name=\"description\" content=\"Apprendre plus sur TouVA, un groupe en art performance de Montr\u00e9al fond\u00e9 par Sylvie Tourangeau, Victoria Stanton et Anne B\u00e9rub\u00e9.\" \/>\n<meta name=\"robots\" content=\"index, follow, max-snippet:-1, max-image-preview:large, max-video-preview:-1\" \/>\n<link rel=\"canonical\" href=\"https:\/\/touva.net\/fr\/a-propos\/\" \/>\n<meta property=\"og:locale\" content=\"fr_FR\" \/>\n<meta property=\"og:type\" content=\"article\" \/>\n<meta property=\"og:title\" content=\"\u00c0 propos de TouVA | Collectif montr\u00e9alais de recherche et cr\u00e9ation en art performance\" \/>\n<meta property=\"og:description\" content=\"Apprendre plus sur TouVA, un groupe en art performance de Montr\u00e9al fond\u00e9 par Sylvie Tourangeau, Victoria Stanton et Anne B\u00e9rub\u00e9.\" \/>\n<meta property=\"og:url\" content=\"https:\/\/touva.net\/fr\/a-propos\/\" \/>\n<meta property=\"og:site_name\" content=\"TouVA\" \/>\n<meta property=\"article:publisher\" content=\"https:\/\/www.facebook.com\/collectifTouVA\/\" \/>\n<meta property=\"article:modified_time\" content=\"2017-11-27T04:44:24+00:00\" \/>\n<meta property=\"og:image\" content=\"https:\/\/i2.wp.com\/touva.net\/wp-content\/uploads\/2017\/09\/sylvie-tourangeau.jpg?fit=300%2C225&amp;ssl=1\" \/>\n<meta name=\"twitter:card\" content=\"summary_large_image\" \/>\n<meta name=\"twitter:label1\" content=\"Dur\u00e9e de lecture estim\u00e9e\" \/>\n\t<meta name=\"twitter:data1\" content=\"4 minutes\" \/>\n<script type=\"application\/ld+json\" class=\"yoast-schema-graph\">{\"@context\":\"https:\\\/\\\/schema.org\",\"@graph\":[{\"@type\":\"WebPage\",\"@id\":\"https:\\\/\\\/touva.net\\\/fr\\\/a-propos\\\/\",\"url\":\"https:\\\/\\\/touva.net\\\/fr\\\/a-propos\\\/\",\"name\":\"\u00c0 propos de TouVA | Collectif montr\u00e9alais de recherche et cr\u00e9ation en art performance\",\"isPartOf\":{\"@id\":\"https:\\\/\\\/touva.net\\\/#website\"},\"primaryImageOfPage\":{\"@id\":\"https:\\\/\\\/touva.net\\\/fr\\\/a-propos\\\/#primaryimage\"},\"image\":{\"@id\":\"https:\\\/\\\/touva.net\\\/fr\\\/a-propos\\\/#primaryimage\"},\"thumbnailUrl\":\"https:\\\/\\\/touva.net\\\/wp-content\\\/uploads\\\/2017\\\/09\\\/anne-berube-cropped.jpg\",\"datePublished\":\"2017-09-29T18:52:56+00:00\",\"dateModified\":\"2017-11-27T04:44:24+00:00\",\"description\":\"Apprendre plus sur TouVA, un groupe en art performance de Montr\u00e9al fond\u00e9 par Sylvie Tourangeau, Victoria Stanton et Anne B\u00e9rub\u00e9.\",\"breadcrumb\":{\"@id\":\"https:\\\/\\\/touva.net\\\/fr\\\/a-propos\\\/#breadcrumb\"},\"inLanguage\":\"fr-FR\",\"potentialAction\":[{\"@type\":\"ReadAction\",\"target\":[\"https:\\\/\\\/touva.net\\\/fr\\\/a-propos\\\/\"]}]},{\"@type\":\"ImageObject\",\"inLanguage\":\"fr-FR\",\"@id\":\"https:\\\/\\\/touva.net\\\/fr\\\/a-propos\\\/#primaryimage\",\"url\":\"https:\\\/\\\/touva.net\\\/wp-content\\\/uploads\\\/2017\\\/09\\\/anne-berube-cropped.jpg\",\"contentUrl\":\"https:\\\/\\\/touva.net\\\/wp-content\\\/uploads\\\/2017\\\/09\\\/anne-berube-cropped.jpg\"},{\"@type\":\"BreadcrumbList\",\"@id\":\"https:\\\/\\\/touva.net\\\/fr\\\/a-propos\\\/#breadcrumb\",\"itemListElement\":[{\"@type\":\"ListItem\",\"position\":1,\"name\":\"Home\",\"item\":\"https:\\\/\\\/touva.net\\\/fr\\\/\"},{\"@type\":\"ListItem\",\"position\":2,\"name\":\"\u00c0 propos de TouVA\"}]},{\"@type\":\"WebSite\",\"@id\":\"https:\\\/\\\/touva.net\\\/#website\",\"url\":\"https:\\\/\\\/touva.net\\\/\",\"name\":\"TouVA\",\"description\":\"Collectif de recherche en art performance\",\"potentialAction\":[{\"@type\":\"SearchAction\",\"target\":{\"@type\":\"EntryPoint\",\"urlTemplate\":\"https:\\\/\\\/touva.net\\\/?s={search_term_string}\"},\"query-input\":{\"@type\":\"PropertyValueSpecification\",\"valueRequired\":true,\"valueName\":\"search_term_string\"}}],\"inLanguage\":\"fr-FR\"}]}<\/script>\n<!-- \/ Yoast SEO plugin. -->","yoast_head_json":{"title":"\u00c0 propos de TouVA | Collectif montr\u00e9alais de recherche et cr\u00e9ation en art performance","description":"Apprendre plus sur TouVA, un groupe en art performance de Montr\u00e9al fond\u00e9 par Sylvie Tourangeau, Victoria Stanton et Anne B\u00e9rub\u00e9.","robots":{"index":"index","follow":"follow","max-snippet":"max-snippet:-1","max-image-preview":"max-image-preview:large","max-video-preview":"max-video-preview:-1"},"canonical":"https:\/\/touva.net\/fr\/a-propos\/","og_locale":"fr_FR","og_type":"article","og_title":"\u00c0 propos de TouVA | Collectif montr\u00e9alais de recherche et cr\u00e9ation en art performance","og_description":"Apprendre plus sur TouVA, un groupe en art performance de Montr\u00e9al fond\u00e9 par Sylvie Tourangeau, Victoria Stanton et Anne B\u00e9rub\u00e9.","og_url":"https:\/\/touva.net\/fr\/a-propos\/","og_site_name":"TouVA","article_publisher":"https:\/\/www.facebook.com\/collectifTouVA\/","article_modified_time":"2017-11-27T04:44:24+00:00","og_image":[{"url":"https:\/\/i2.wp.com\/touva.net\/wp-content\/uploads\/2017\/09\/sylvie-tourangeau.jpg?fit=300%2C225&amp;ssl=1","type":"","width":"","height":""}],"twitter_card":"summary_large_image","twitter_misc":{"Dur\u00e9e de lecture estim\u00e9e":"4 minutes"},"schema":{"@context":"https:\/\/schema.org","@graph":[{"@type":"WebPage","@id":"https:\/\/touva.net\/fr\/a-propos\/","url":"https:\/\/touva.net\/fr\/a-propos\/","name":"\u00c0 propos de TouVA | Collectif montr\u00e9alais de recherche et cr\u00e9ation en art performance","isPartOf":{"@id":"https:\/\/touva.net\/#website"},"primaryImageOfPage":{"@id":"https:\/\/touva.net\/fr\/a-propos\/#primaryimage"},"image":{"@id":"https:\/\/touva.net\/fr\/a-propos\/#primaryimage"},"thumbnailUrl":"https:\/\/touva.net\/wp-content\/uploads\/2017\/09\/anne-berube-cropped.jpg","datePublished":"2017-09-29T18:52:56+00:00","dateModified":"2017-11-27T04:44:24+00:00","description":"Apprendre plus sur TouVA, un groupe en art performance de Montr\u00e9al fond\u00e9 par Sylvie Tourangeau, Victoria Stanton et Anne B\u00e9rub\u00e9.","breadcrumb":{"@id":"https:\/\/touva.net\/fr\/a-propos\/#breadcrumb"},"inLanguage":"fr-FR","potentialAction":[{"@type":"ReadAction","target":["https:\/\/touva.net\/fr\/a-propos\/"]}]},{"@type":"ImageObject","inLanguage":"fr-FR","@id":"https:\/\/touva.net\/fr\/a-propos\/#primaryimage","url":"https:\/\/touva.net\/wp-content\/uploads\/2017\/09\/anne-berube-cropped.jpg","contentUrl":"https:\/\/touva.net\/wp-content\/uploads\/2017\/09\/anne-berube-cropped.jpg"},{"@type":"BreadcrumbList","@id":"https:\/\/touva.net\/fr\/a-propos\/#breadcrumb","itemListElement":[{"@type":"ListItem","position":1,"name":"Home","item":"https:\/\/touva.net\/fr\/"},{"@type":"ListItem","position":2,"name":"\u00c0 propos de TouVA"}]},{"@type":"WebSite","@id":"https:\/\/touva.net\/#website","url":"https:\/\/touva.net\/","name":"TouVA","description":"Collectif de recherche en art performance","potentialAction":[{"@type":"SearchAction","target":{"@type":"EntryPoint","urlTemplate":"https:\/\/touva.net\/?s={search_term_string}"},"query-input":{"@type":"PropertyValueSpecification","valueRequired":true,"valueName":"search_term_string"}}],"inLanguage":"fr-FR"}]}},"jetpack_sharing_enabled":true,"jetpack_shortlink":"https:\/\/wp.me\/P4vtgZ-eM","jetpack_likes_enabled":true,"_links":{"self":[{"href":"https:\/\/touva.net\/fr\/wp-json\/wp\/v2\/pages\/916","targetHints":{"allow":["GET"]}}],"collection":[{"href":"https:\/\/touva.net\/fr\/wp-json\/wp\/v2\/pages"}],"about":[{"href":"https:\/\/touva.net\/fr\/wp-json\/wp\/v2\/types\/page"}],"author":[{"embeddable":true,"href":"https:\/\/touva.net\/fr\/wp-json\/wp\/v2\/users\/2"}],"replies":[{"embeddable":true,"href":"https:\/\/touva.net\/fr\/wp-json\/wp\/v2\/comments?post=916"}],"version-history":[{"count":8,"href":"https:\/\/touva.net\/fr\/wp-json\/wp\/v2\/pages\/916\/revisions"}],"predecessor-version":[{"id":1034,"href":"https:\/\/touva.net\/fr\/wp-json\/wp\/v2\/pages\/916\/revisions\/1034"}],"wp:attachment":[{"href":"https:\/\/touva.net\/fr\/wp-json\/wp\/v2\/media?parent=916"}],"curies":[{"name":"wp","href":"https:\/\/api.w.org\/{rel}","templated":true}]}}