{"id":985,"date":"2017-09-22T17:37:13","date_gmt":"2017-09-22T21:37:13","guid":{"rendered":"https:\/\/touva.net\/publications\/"},"modified":"2025-03-25T15:15:03","modified_gmt":"2025-03-25T19:15:03","slug":"publications","status":"publish","type":"page","link":"https:\/\/touva.net\/fr\/publications\/","title":{"rendered":"Publications"},"content":{"rendered":"<p style=\"text-align: center;\"><em>Le 7<sup>e<\/sup> sens\u00a0: Pratiquer les dialogues \/ pratiquer les workshops \/ pratiquer le performatif au jour le jour \/ pratiquer l\u2019art performance<\/em><\/p>\n<p><a class=\"btn\" href=\"#buy\">Achetez le livre<\/a><\/p>\n<h3>\u00c0 propos de cet ouvrage<\/h3>\n<p><img data-recalc-dims=\"1\" loading=\"lazy\" decoding=\"async\" class=\" wp-image-420 alignleft\" src=\"https:\/\/i0.wp.com\/touva.net\/wp-content\/uploads\/2017\/10\/couverture.jpeg?resize=337%2C430&#038;ssl=1\" alt=\"Couverture - 7e sens\" width=\"337\" height=\"430\" \/>L&rsquo;aventure a commenc\u00e9 en 2007, alors que Sylvie Tourangeau, Victoria Stanton et Anne B\u00e9rub\u00e9 se rencontrent pour jeter les bases d\u2019une publication sur leur passion commune, l\u2019art performance, et sur ce qui la nourrit, la transforme et la fait vivre\u00a0: le performatif.<\/p>\n<p>Pendant dix ans, en tant qu\u2019artistes auteures, les membres de TouVA ont r\u00e9fl\u00e9chi de fa\u00e7on collaborative \u00e0 la pratique de l\u2019art performance, \u00e0 travers de multiples cadres et approches. L\u2019aventure a pris toutes sortes de chemins pour les pousser \u00e0 exp\u00e9rimenter concr\u00e8tement ce qu\u2019elles d\u00e9couvrions. \u00c0 partir d\u2019un vocabulaire d\u00e9velopp\u00e9 par Sylvie Tourangeau, bas\u00e9 sur trois d\u00e9cennies de workshops, et que s\u2019est appropri\u00e9 le trio, TouVA s\u2019est lanc\u00e9 sur les pistes vari\u00e9es du vaste performatif.<\/p>\n<p>Puis, plusieurs r\u00e9sidences, conf\u00e9rences, performances, workshops \u2013 dans des contextes et des lieux vari\u00e9s \u2013 les ont amen\u00e9es \u00e0 d\u00e9velopper des pratiques parall\u00e8les et de nouvelles formes de p\u00e9dagogie, lesquelles ont en retour enrichi la transmission d\u2019exp\u00e9rience par des actes de langage. Elles ont ainsi cherch\u00e9 \u00e0 \u00ab langager \u00bb le performatif, \u00e0 transmettre leur compr\u00e9hension du ph\u00e9nom\u00e8ne en nommant pr\u00e9cis\u00e9ment ce qui se passe, l\u00e0 o\u00f9 \u00e7a passe, en cherchant \u00e0 dire quand et comment le performatif advient.<\/p>\n<p>Ce performatif en action rev\u00eat des formes qu\u2019on ne peut pas toujours identifier \u2013 il est furtif, transformateur. Le performatif agit. Il ne d\u00e9limite pas le corps, le temps et l\u2019espace, il les d\u00e9territorialise, il les rend multiples. Le performatif n\u2019a que faire des cat\u00e9gories, des hi\u00e9rarchies; c\u2019est pourquoi l&rsquo;observation du mode performatif s\u2019est, pour TouVA, \u00e9largie \u00e0 celle de la pr\u00e9sence, \u00e0 un performatif plus global, pratiqu\u00e9 dans les arts vivants, dans les workshops, et aussi \u00e0 un performatif incarn\u00e9\u00a0: un mode de vie. TouVA a port\u00e9 son attention sur cet agent de changement. Le trio l\u2019a abord\u00e9 comme une facult\u00e9 sensorielle \u00e0 acqu\u00e9rir\u00a0: un 7<sup>e<\/sup> sens.<\/p>\n<p><em>Le 7<sup>e<\/sup> Sens<\/em> est, finalement, en lui-m\u00eame un acte de langage particulier, un discours critique et vibrant sur un performatif toujours (et n\u00e9cessairement) mouvant.<\/p>\n<p><a name=\"buy\"><\/a><\/p>\n<form action=\"https:\/\/www.paypal.com\/cgi-bin\/webscr\" method=\"post\" target=\"_top\"><input name=\"cmd\" type=\"hidden\" value=\"_s-xclick\" \/><br \/>\n<input name=\"hosted_button_id\" type=\"hidden\" value=\"DLZT94BBA6LRA\" \/><\/p>\n<table>\n<tbody>\n<tr>\n<td><input name=\"on0\" type=\"hidden\" value=\"Le 7e sens\" \/><em class=\"paypal-title\">Le 7e sens<\/em><br \/>\nISBN 978-2-923612-54-6 | 40 $ | 360 p<\/td>\n<\/tr>\n<tr>\n<td><b>S\u00e9lectionner l&rsquo;option de livraison appropri\u00e9e<\/b><br \/>\n(les montants indiqu\u00e9s incluent le prix du livre, les taxes et les frais de livraison)<\/td>\n<\/tr>\n<tr>\n<td><select name=\"os0\"><option value=\"+ livraison Canada Est (ON, QC, NB, NS, NL)\">+ livraison Canada Est (ON, QC, NB, NS, NL) 65.00 $ CAD<\/option><option value=\"+ livraison Canada Prairies\/Ouest\/Nord (MB, SK, AB, BC, YK, NT)\">+ livraison Canada Prairies\/Ouest\/Nord (MB, SK, AB, BC, YK, NT) 70.00 $ CAD<\/option><option value=\"+livraison \u00c9tats-Unis\">+livraison \u00c9tats-Unis 72.00 $ CAD<\/option><option value=\"+ livraison International (avion)\">+ livraison International (avion) 105.00 $ CAD<\/option><option value=\"+ livraison International (surface)\">+ livraison International (surface) 75.00 $ CAD<\/option><\/select><\/td>\n<\/tr>\n<\/tbody>\n<\/table>\n<p><input name=\"currency_code\" type=\"hidden\" value=\"CAD\" \/><br \/>\n<input title=\"PayPal - The safer, easier way to pay online!\" alt=\"Buy Now\" name=\"submit\" src=\"https:\/\/www.paypalobjects.com\/fr_CA\/i\/btn\/btn_buynow_LG.gif\" type=\"image\" \/><\/p>\n<\/form>\n<div class=\"jetpack-video-wrapper\"><span class=\"embed-youtube\" style=\"text-align:center; display: block;\"><iframe loading=\"lazy\" class=\"youtube-player\" width=\"740\" height=\"417\" src=\"https:\/\/www.youtube.com\/embed\/V0a66qC_24w?version=3&#038;rel=1&#038;showsearch=0&#038;showinfo=1&#038;iv_load_policy=1&#038;fs=1&#038;hl=fr-FR&#038;autohide=2&#038;wmode=transparent\" allowfullscreen=\"true\" style=\"border:0;\" sandbox=\"allow-scripts allow-same-origin allow-popups allow-presentation allow-popups-to-escape-sandbox\"><\/iframe><\/span><\/div>\n<div class=\"jetpack-video-wrapper\"><span class=\"embed-youtube\" style=\"text-align:center; display: block;\"><iframe loading=\"lazy\" class=\"youtube-player\" width=\"740\" height=\"417\" src=\"https:\/\/www.youtube.com\/embed\/tzfNlG_Kj7c?version=3&#038;rel=1&#038;showsearch=0&#038;showinfo=1&#038;iv_load_policy=1&#038;fs=1&#038;hl=fr-FR&#038;autohide=2&#038;wmode=transparent\" allowfullscreen=\"true\" style=\"border:0;\" sandbox=\"allow-scripts allow-same-origin allow-popups allow-presentation allow-popups-to-escape-sandbox\"><\/iframe><\/span><\/div>\n<h2>Points de vente<\/h2>\n<p><strong>L&rsquo;Eugu\u00e9lionne<\/strong>, librairie f\u00e9ministe<br \/>\n1426, rue Beaudry<br \/>\nMontr\u00e9al, Qu\u00e9bec<br \/>\nT\u00e9l.\u00a0: 514-522-4949<br \/>\n<a href=\"http:\/\/librairieleuguelionne.com\/\" target=\"_blank\" rel=\"noopener\">www.librairieleuguelionne.com<\/a><\/p>\n<p><strong>Librairie Zone Libre<\/strong><br \/>\n262 Ste-Catherine Est<br \/>\nMontr\u00e9al, Qu\u00e9bec<br \/>\nT\u00e9l. :\u00a0514-844-3090<br \/>\n<a href=\"http:\/\/www.zonelibre.ca\/\" target=\"_blank\" rel=\"noopener\">www.zonelibre.ca<\/a><\/p>\n<p><strong>Librairie Le port de t\u00eate<\/strong><br \/>\n262 et 269 avenue du Mont-Royal Est<br \/>\nMontr\u00e9al, Qu\u00e9bec<br \/>\nT\u00e9l. :\u00a0514-678-9566<br \/>\n<a href=\"https:\/\/www.leportdetete.com\/\" target=\"_blank\" rel=\"noopener\">www.leportdetete.com<\/a><\/p>\n<p><strong>Drawn and Quarterly<\/strong><br \/>\n211 rue Bernard O.<br \/>\nMontr\u00e9al, Qu\u00e9bec<br \/>\nTel. :\u00a0514-279-2224<br \/>\n<a href=\"https:\/\/www.drawnandquarterly.com\/\" target=\"_blank\" rel=\"noopener\">www.drawnandquarterly.com<\/a><\/p>\n<p><strong>Librairie du Square<\/strong><br \/>\n3453 Rue Saint-Denis, Montr\u00e9al<br \/>\nMontr\u00e9al, Qu\u00e9bec<br \/>\nT\u00e9l. :\u00a0514-845-7617<\/p>\n<p><strong>Monastiraki<\/strong><br \/>\n5478, boul. Saint-Laurent<br \/>\nMontreal, Quebec<br \/>\nTel. 514-278-4879<br \/>\n<a href=\"http:\/\/monastiraki.blogspot.ca\" target=\"_blank\" rel=\"noopener\">http:\/\/monastiraki.blogspot.ca<\/a><\/p>\n<p><strong>Caravans\u00e9rail<\/strong><br \/>\n274 Ave Michaud<br \/>\nRimouski, Qu\u00e9bec<br \/>\nT\u00e9l. :\u00a0418-722-0846<br \/>\n<a href=\"http:\/\/www.caravanserail.org\/\" target=\"_blank\" rel=\"noopener\">www.caravans\u00e9rail.org<\/a><\/p>\n<p><strong>Inter Le Lieu<\/strong><br \/>\n345, rue du Pont<br \/>\nQu\u00e9bec, Qu\u00e9bec<br \/>\nT\u00e9l. :\u00a0418-529-9680<br \/>\n<a href=\"https:\/\/inter-lelieu.org\/\" target=\"_blank\" rel=\"noopener\">www.inter-lelieu.org<\/a><\/p>\n<p><strong>Mus\u00e9e R\u00e9gional de la C\u00f4te-Nord<\/strong><br \/>\n500, boul. Laure<br \/>\nSept-\u00celes, Qu\u00e9bec<br \/>\nT\u00e9l. :\u00a0418-968-2070<br \/>\n<a href=\"http:\/\/www.museeregionalcotenord.ca\/\" target=\"_blank\" rel=\"noopener\">www.museeregionalcotenord.ca<\/a><\/p>\n<h3>\u00c9dit\u00e9 par SAGAMIE \u00e9dition d\u2019art and M:ST<\/h3>\n<p><strong>SAGAMIE \u00e9dition d\u2019art<\/strong>\u00a0: SAGAMIE \u00e9dition d\u2019art a pour mandat de publier des essais litt\u00e9raires vou\u00e9s \u00e0 l\u2019\u00e9tude des arts, de soutenir auteurs et artistes dans la cr\u00e9ation d\u2019\u0153uvres \u00e0 la fois litt\u00e9raires et artistiques, ainsi que de documenter et diffuser l\u2019art actuel.<\/p>\n<p><strong>M:ST<\/strong>\u00a0: La soci\u00e9t\u00e9 du festival performatif Mountain Standard Time (M:ST) veille \u00e0 ce que les pratiques de l\u2019art performatif soient reconnues et soutenues dans la r\u00e9gion septentrionale de l\u2019Alberta. M:ST favorise l\u2019innovation et la collaboration entre les communaut\u00e9s artistiques locales, nationales et internationales.<\/p>\n<hr \/>\n<div data-carousel-extra='{&quot;blog_id&quot;:1,&quot;permalink&quot;:&quot;https:\/\/touva.net\/fr\/publications\/&quot;}' id='gallery-1' class='gallery galleryid-985 gallery-columns-2 gallery-size-full'><figure class='gallery-item'>\n\t\t\t<div class='gallery-icon landscape'>\n\t\t\t\t<img loading=\"lazy\" decoding=\"async\" width=\"157\" height=\"64\" src=\"https:\/\/i0.wp.com\/touva.net\/wp-content\/uploads\/2017\/09\/CALQ-logo.jpg?fit=157%2C64&amp;ssl=1\" class=\"attachment-full size-full\" alt=\"\" data-attachment-id=\"911\" data-permalink=\"https:\/\/touva.net\/fr\/accueil\/calq-logo\/\" data-orig-file=\"https:\/\/i0.wp.com\/touva.net\/wp-content\/uploads\/2017\/09\/CALQ-logo.jpg?fit=157%2C64&amp;ssl=1\" data-orig-size=\"157,64\" data-comments-opened=\"1\" data-image-meta=\"{&quot;aperture&quot;:&quot;0&quot;,&quot;credit&quot;:&quot;&quot;,&quot;camera&quot;:&quot;&quot;,&quot;caption&quot;:&quot;&quot;,&quot;created_timestamp&quot;:&quot;0&quot;,&quot;copyright&quot;:&quot;&quot;,&quot;focal_length&quot;:&quot;0&quot;,&quot;iso&quot;:&quot;0&quot;,&quot;shutter_speed&quot;:&quot;0&quot;,&quot;title&quot;:&quot;&quot;,&quot;orientation&quot;:&quot;0&quot;}\" data-image-title=\"CALQ\" data-image-description=\"\" data-image-caption=\"\" data-medium-file=\"https:\/\/i0.wp.com\/touva.net\/wp-content\/uploads\/2017\/09\/CALQ-logo.jpg?fit=157%2C64&amp;ssl=1\" data-large-file=\"https:\/\/i0.wp.com\/touva.net\/wp-content\/uploads\/2017\/09\/CALQ-logo.jpg?fit=157%2C64&amp;ssl=1\" \/>\n\t\t\t<\/div><\/figure><figure class='gallery-item'>\n\t\t\t<div class='gallery-icon landscape'>\n\t\t\t\t<img loading=\"lazy\" decoding=\"async\" width=\"350\" height=\"64\" src=\"https:\/\/i0.wp.com\/touva.net\/wp-content\/uploads\/2017\/09\/CCFA-logo.jpg?fit=350%2C64&amp;ssl=1\" class=\"attachment-full size-full\" alt=\"\" srcset=\"https:\/\/i0.wp.com\/touva.net\/wp-content\/uploads\/2017\/09\/CCFA-logo.jpg?w=350&amp;ssl=1 350w, https:\/\/i0.wp.com\/touva.net\/wp-content\/uploads\/2017\/09\/CCFA-logo.jpg?resize=300%2C55&amp;ssl=1 300w\" sizes=\"auto, (max-width: 350px) 100vw, 350px\" data-attachment-id=\"912\" data-permalink=\"https:\/\/touva.net\/fr\/accueil\/ccfa-logo\/\" data-orig-file=\"https:\/\/i0.wp.com\/touva.net\/wp-content\/uploads\/2017\/09\/CCFA-logo.jpg?fit=350%2C64&amp;ssl=1\" data-orig-size=\"350,64\" data-comments-opened=\"1\" data-image-meta=\"{&quot;aperture&quot;:&quot;0&quot;,&quot;credit&quot;:&quot;&quot;,&quot;camera&quot;:&quot;&quot;,&quot;caption&quot;:&quot;&quot;,&quot;created_timestamp&quot;:&quot;0&quot;,&quot;copyright&quot;:&quot;&quot;,&quot;focal_length&quot;:&quot;0&quot;,&quot;iso&quot;:&quot;0&quot;,&quot;shutter_speed&quot;:&quot;0&quot;,&quot;title&quot;:&quot;&quot;,&quot;orientation&quot;:&quot;0&quot;}\" data-image-title=\"CCFA\" data-image-description=\"\" data-image-caption=\"\" data-medium-file=\"https:\/\/i0.wp.com\/touva.net\/wp-content\/uploads\/2017\/09\/CCFA-logo.jpg?fit=300%2C55&amp;ssl=1\" data-large-file=\"https:\/\/i0.wp.com\/touva.net\/wp-content\/uploads\/2017\/09\/CCFA-logo.jpg?fit=350%2C64&amp;ssl=1\" \/>\n\t\t\t<\/div><\/figure>\n\t\t<\/div>\n\n<hr \/>\n<h3>\u00c0 propos de TouVA<\/h3>\n<p>Fond\u00e9 au printemps 2007, le collectif TouVA (compos\u00e9 de Sylvie <strong>Tou<\/strong>rangeau, <strong>V<\/strong>ictoria Stanton et <strong>A<\/strong>nne B\u00e9rub\u00e9) \u2013 un groupe d&rsquo;\u00e9tude sur les modes du performatif et actif en art performance \u2013 multiplie les occasions de recherche en privil\u00e9giant plusieurs approches \u00e0 la fois\u00a0: performances, conf\u00e9rences, blogues, laboratoires d&rsquo;exp\u00e9rimentation et d&rsquo;\u00e9changes dynamiques avec des artistes, ainsi que du coaching dans une vari\u00e9t\u00e9 de contextes &#8211; y compris les festivals internationaux.<\/p>\n<h3>Publications ant\u00e9rieures<\/h3>\n<p>\u2022 \u201cUn\u00a0lexique\u00a0momentan\u00e9,\u00a0provisoire, non\u00a0pr\u00e9visible,\u00a0ind\u00e9termin\u00e9,\u00a0quantique\u201d<br \/>\n<em>INTER #115,<\/em><em>\u00a0<\/em><em>Performatifs<\/em>, Qu\u00e9bec, QC (2014)<\/p>\n<p>\u2022 Blogueuses officielles du festival VIVA! Art action, Montr\u00e9al, QC (2011)<\/p>\n<p>\u2022 \u201cIncarnations des doubles mythologies\u201d<br \/>\n<em>Etc #89<\/em>, Montr\u00e9al, QC (2010)<\/p>\n","protected":false},"excerpt":{"rendered":"<p>Le 7e sens\u00a0: Pratiquer les dialogues \/ pratiquer les workshops \/ pratiquer le performatif au jour le jour \/ pratiquer l\u2019art performance Achetez le livre \u00c0 propos de cet ouvrage L&rsquo;aventure a commenc\u00e9 en 2007, alors que Sylvie Tourangeau, Victoria Stanton et Anne B\u00e9rub\u00e9 se rencontrent pour jeter les bases d\u2019une publication sur leur passion &hellip; <a href=\"https:\/\/touva.net\/fr\/publications\/\" class=\"more-link\">Continue reading <span class=\"screen-reader-text\">Publications<\/span><\/a><\/p>\n","protected":false},"author":2,"featured_media":0,"parent":0,"menu_order":3,"comment_status":"closed","ping_status":"closed","template":"","meta":{"jetpack_post_was_ever_published":false,"footnotes":""},"class_list":["post-985","page","type-page","status-publish","hentry"],"yoast_head":"<!-- This site is optimized with the Yoast SEO plugin v27.2 - https:\/\/yoast.com\/product\/yoast-seo-wordpress\/ -->\n<title>Le 7e sens | une publication sur l\u2019art performance de TouVA<\/title>\n<meta name=\"description\" content=\"D\u00e9couvrez davantage Le 7e sens, une nouvelle publication sur l\u2019art performance de TouVA.\" \/>\n<meta name=\"robots\" content=\"index, follow, max-snippet:-1, max-image-preview:large, max-video-preview:-1\" \/>\n<link rel=\"canonical\" href=\"https:\/\/touva.net\/fr\/publications\/\" \/>\n<meta property=\"og:locale\" content=\"fr_FR\" \/>\n<meta property=\"og:type\" content=\"article\" \/>\n<meta property=\"og:title\" content=\"Le 7e sens | une publication sur l\u2019art performance de TouVA\" \/>\n<meta property=\"og:description\" content=\"D\u00e9couvrez davantage Le 7e sens, une nouvelle publication sur l\u2019art performance de TouVA.\" \/>\n<meta property=\"og:url\" content=\"https:\/\/touva.net\/fr\/publications\/\" \/>\n<meta property=\"og:site_name\" content=\"TouVA\" \/>\n<meta property=\"article:publisher\" content=\"https:\/\/www.facebook.com\/collectifTouVA\/\" \/>\n<meta property=\"article:modified_time\" content=\"2025-03-25T19:15:03+00:00\" \/>\n<meta property=\"og:image\" content=\"https:\/\/touva.net\/wp-content\/uploads\/2017\/10\/couverture.jpeg\" \/>\n<meta name=\"twitter:card\" content=\"summary_large_image\" \/>\n<meta name=\"twitter:label1\" content=\"Dur\u00e9e de lecture estim\u00e9e\" \/>\n\t<meta name=\"twitter:data1\" content=\"4 minutes\" \/>\n<script type=\"application\/ld+json\" class=\"yoast-schema-graph\">{\"@context\":\"https:\/\/schema.org\",\"@graph\":[{\"@type\":\"WebPage\",\"@id\":\"https:\/\/touva.net\/fr\/publications\/\",\"url\":\"https:\/\/touva.net\/fr\/publications\/\",\"name\":\"Le 7e sens | une publication sur l\u2019art performance de TouVA\",\"isPartOf\":{\"@id\":\"https:\/\/touva.net\/#website\"},\"primaryImageOfPage\":{\"@id\":\"https:\/\/touva.net\/fr\/publications\/#primaryimage\"},\"image\":{\"@id\":\"https:\/\/touva.net\/fr\/publications\/#primaryimage\"},\"thumbnailUrl\":\"https:\/\/touva.net\/wp-content\/uploads\/2017\/10\/couverture.jpeg\",\"datePublished\":\"2017-09-22T21:37:13+00:00\",\"dateModified\":\"2025-03-25T19:15:03+00:00\",\"description\":\"D\u00e9couvrez davantage Le 7e sens, une nouvelle publication sur l\u2019art performance de TouVA.\",\"breadcrumb\":{\"@id\":\"https:\/\/touva.net\/fr\/publications\/#breadcrumb\"},\"inLanguage\":\"fr-FR\",\"potentialAction\":[{\"@type\":\"ReadAction\",\"target\":[\"https:\/\/touva.net\/fr\/publications\/\"]}]},{\"@type\":\"ImageObject\",\"inLanguage\":\"fr-FR\",\"@id\":\"https:\/\/touva.net\/fr\/publications\/#primaryimage\",\"url\":\"https:\/\/touva.net\/wp-content\/uploads\/2017\/10\/couverture.jpeg\",\"contentUrl\":\"https:\/\/touva.net\/wp-content\/uploads\/2017\/10\/couverture.jpeg\"},{\"@type\":\"BreadcrumbList\",\"@id\":\"https:\/\/touva.net\/fr\/publications\/#breadcrumb\",\"itemListElement\":[{\"@type\":\"ListItem\",\"position\":1,\"name\":\"Home\",\"item\":\"https:\/\/touva.net\/fr\/\"},{\"@type\":\"ListItem\",\"position\":2,\"name\":\"Publications\"}]},{\"@type\":\"WebSite\",\"@id\":\"https:\/\/touva.net\/#website\",\"url\":\"https:\/\/touva.net\/\",\"name\":\"TouVA\",\"description\":\"Collectif de recherche en art performance\",\"potentialAction\":[{\"@type\":\"SearchAction\",\"target\":{\"@type\":\"EntryPoint\",\"urlTemplate\":\"https:\/\/touva.net\/?s={search_term_string}\"},\"query-input\":{\"@type\":\"PropertyValueSpecification\",\"valueRequired\":true,\"valueName\":\"search_term_string\"}}],\"inLanguage\":\"fr-FR\"}]}<\/script>\n<!-- \/ Yoast SEO plugin. -->","yoast_head_json":{"title":"Le 7e sens | une publication sur l\u2019art performance de TouVA","description":"D\u00e9couvrez davantage Le 7e sens, une nouvelle publication sur l\u2019art performance de TouVA.","robots":{"index":"index","follow":"follow","max-snippet":"max-snippet:-1","max-image-preview":"max-image-preview:large","max-video-preview":"max-video-preview:-1"},"canonical":"https:\/\/touva.net\/fr\/publications\/","og_locale":"fr_FR","og_type":"article","og_title":"Le 7e sens | une publication sur l\u2019art performance de TouVA","og_description":"D\u00e9couvrez davantage Le 7e sens, une nouvelle publication sur l\u2019art performance de TouVA.","og_url":"https:\/\/touva.net\/fr\/publications\/","og_site_name":"TouVA","article_publisher":"https:\/\/www.facebook.com\/collectifTouVA\/","article_modified_time":"2025-03-25T19:15:03+00:00","og_image":[{"url":"https:\/\/touva.net\/wp-content\/uploads\/2017\/10\/couverture.jpeg","type":"","width":"","height":""}],"twitter_card":"summary_large_image","twitter_misc":{"Dur\u00e9e de lecture estim\u00e9e":"4 minutes"},"schema":{"@context":"https:\/\/schema.org","@graph":[{"@type":"WebPage","@id":"https:\/\/touva.net\/fr\/publications\/","url":"https:\/\/touva.net\/fr\/publications\/","name":"Le 7e sens | une publication sur l\u2019art performance de TouVA","isPartOf":{"@id":"https:\/\/touva.net\/#website"},"primaryImageOfPage":{"@id":"https:\/\/touva.net\/fr\/publications\/#primaryimage"},"image":{"@id":"https:\/\/touva.net\/fr\/publications\/#primaryimage"},"thumbnailUrl":"https:\/\/touva.net\/wp-content\/uploads\/2017\/10\/couverture.jpeg","datePublished":"2017-09-22T21:37:13+00:00","dateModified":"2025-03-25T19:15:03+00:00","description":"D\u00e9couvrez davantage Le 7e sens, une nouvelle publication sur l\u2019art performance de TouVA.","breadcrumb":{"@id":"https:\/\/touva.net\/fr\/publications\/#breadcrumb"},"inLanguage":"fr-FR","potentialAction":[{"@type":"ReadAction","target":["https:\/\/touva.net\/fr\/publications\/"]}]},{"@type":"ImageObject","inLanguage":"fr-FR","@id":"https:\/\/touva.net\/fr\/publications\/#primaryimage","url":"https:\/\/touva.net\/wp-content\/uploads\/2017\/10\/couverture.jpeg","contentUrl":"https:\/\/touva.net\/wp-content\/uploads\/2017\/10\/couverture.jpeg"},{"@type":"BreadcrumbList","@id":"https:\/\/touva.net\/fr\/publications\/#breadcrumb","itemListElement":[{"@type":"ListItem","position":1,"name":"Home","item":"https:\/\/touva.net\/fr\/"},{"@type":"ListItem","position":2,"name":"Publications"}]},{"@type":"WebSite","@id":"https:\/\/touva.net\/#website","url":"https:\/\/touva.net\/","name":"TouVA","description":"Collectif de recherche en art performance","potentialAction":[{"@type":"SearchAction","target":{"@type":"EntryPoint","urlTemplate":"https:\/\/touva.net\/?s={search_term_string}"},"query-input":{"@type":"PropertyValueSpecification","valueRequired":true,"valueName":"search_term_string"}}],"inLanguage":"fr-FR"}]}},"jetpack_sharing_enabled":true,"jetpack_shortlink":"https:\/\/wp.me\/P4vtgZ-fT","jetpack_likes_enabled":true,"_links":{"self":[{"href":"https:\/\/touva.net\/fr\/wp-json\/wp\/v2\/pages\/985","targetHints":{"allow":["GET"]}}],"collection":[{"href":"https:\/\/touva.net\/fr\/wp-json\/wp\/v2\/pages"}],"about":[{"href":"https:\/\/touva.net\/fr\/wp-json\/wp\/v2\/types\/page"}],"author":[{"embeddable":true,"href":"https:\/\/touva.net\/fr\/wp-json\/wp\/v2\/users\/2"}],"replies":[{"embeddable":true,"href":"https:\/\/touva.net\/fr\/wp-json\/wp\/v2\/comments?post=985"}],"version-history":[{"count":21,"href":"https:\/\/touva.net\/fr\/wp-json\/wp\/v2\/pages\/985\/revisions"}],"predecessor-version":[{"id":9616,"href":"https:\/\/touva.net\/fr\/wp-json\/wp\/v2\/pages\/985\/revisions\/9616"}],"wp:attachment":[{"href":"https:\/\/touva.net\/fr\/wp-json\/wp\/v2\/media?parent=985"}],"curies":[{"name":"wp","href":"https:\/\/api.w.org\/{rel}","templated":true}]}}