{"id":991,"date":"2017-09-27T21:31:48","date_gmt":"2017-09-28T01:31:48","guid":{"rendered":"https:\/\/touva.net\/news\/"},"modified":"2018-09-15T12:15:19","modified_gmt":"2018-09-15T16:15:19","slug":"nouvelles","status":"publish","type":"page","link":"https:\/\/touva.net\/fr\/nouvelles\/","title":{"rendered":"Nouvelles"},"content":{"rendered":"<p><strong><span style=\"text-decoration: underline;\">octobre 2018<br \/>\n<\/span><\/strong>Lancement du <em>7e sens<\/em> \u00e0 Toronto: dans le cadre du festival international d&rsquo;art performance <a href=\"http:\/\/7a-11d.ca\/\" target=\"_blank\" rel=\"noopener\">7a*11d<\/a>, TouVA sera pr\u00e9sente pour lancer son ouvrage <em>Le 7e sens<\/em>. Un chaleureux 5 \u00e0 7 ou se trouve plusieurs publications d\u00e9di\u00e9es \u00e0 l&rsquo;art performance se tient le 4 octobre au <a href=\"http:\/\/theatrecentre.org\/\" target=\"_blank\" rel=\"noopener\">Theatre Centre<\/a>, 1115 Queen St. West, Toronto.<span style=\"text-decoration: underline;\"><br \/>\n<\/span><\/p>\n<p><strong><span style=\"text-decoration: underline;\"><br \/>\nseptembre 2018<\/span><\/strong><br \/>\nTouVA se trouve actuellement dans <a href=\"https:\/\/inter-lelieu.org\/riap\/riap-en-cours\/\" target=\"_blank\" rel=\"noopener\">L&rsquo; EXPOSITION D\u2019ARCHIVES | LE LIEU<\/a>. Dans le cadre du m\u00e9ga projet *Art action 1998-2018* \u00e0 Qu\u00e9bec, une exposition d\u2019archives sera pr\u00e9senter tous les mois dans la galerie du Lieu jusqu\u2019en d\u00e9cembre. La premi\u00e8re sera consacr\u00e9e au Canada et TouVA fait partie!<\/p>\n<figure id=\"attachment_1178\" aria-describedby=\"caption-attachment-1178\" style=\"width: 1600px\" class=\"wp-caption alignnone\"><a href=\"https:\/\/i0.wp.com\/touva.net\/wp-content\/uploads\/2014\/04\/187th_sense.jpg?ssl=1\"><img data-recalc-dims=\"1\" loading=\"lazy\" decoding=\"async\" data-attachment-id=\"1178\" data-permalink=\"https:\/\/touva.net\/fr\/nouvelles\/187th_sense-2\/\" data-orig-file=\"https:\/\/i0.wp.com\/touva.net\/wp-content\/uploads\/2014\/04\/187th_sense.jpg?fit=1600%2C1063&amp;ssl=1\" data-orig-size=\"1600,1063\" data-comments-opened=\"1\" data-image-meta=\"{&quot;aperture&quot;:&quot;2.8&quot;,&quot;credit&quot;:&quot;Henry Chan Jr.&quot;,&quot;camera&quot;:&quot;NIKON D300S&quot;,&quot;caption&quot;:&quot;&quot;,&quot;created_timestamp&quot;:&quot;1288125341&quot;,&quot;copyright&quot;:&quot;Henry Chan Jr.&quot;,&quot;focal_length&quot;:&quot;34&quot;,&quot;iso&quot;:&quot;1600&quot;,&quot;shutter_speed&quot;:&quot;0.0125&quot;,&quot;title&quot;:&quot;&quot;}\" data-image-title=\"TouVA_7th_sense\" data-image-description=\"\" data-image-caption=\"&lt;p&gt;photo: Henry Chan&lt;\/p&gt;\n\" data-large-file=\"https:\/\/i0.wp.com\/touva.net\/wp-content\/uploads\/2014\/04\/187th_sense.jpg?fit=740%2C492&amp;ssl=1\" class=\"wp-image-1178 size-full\" src=\"https:\/\/i0.wp.com\/touva.net\/wp-content\/uploads\/2014\/04\/187th_sense.jpg?resize=740%2C492&#038;ssl=1\" alt=\"TouVA perform the 7th Sense\" width=\"740\" height=\"492\" \/><\/a><figcaption id=\"caption-attachment-1178\" class=\"wp-caption-text\">The 7th Sense, Toronto Free Gallery, 7a*11d festival, 2010, photo: Henry Chan<\/figcaption><\/figure>\n<p><strong><span style=\"text-decoration: underline;\">mars 2018<\/span><\/strong><\/p>\n<p><a href=\"https:\/\/i0.wp.com\/touva.net\/wp-content\/uploads\/2018\/02\/TouVA_PARVIS_web.jpg?ssl=1\"><img data-recalc-dims=\"1\" loading=\"lazy\" decoding=\"async\" data-attachment-id=\"1305\" data-permalink=\"https:\/\/touva.net\/fr\/nouvelles\/touva_pub-7e-sens_f\/\" data-orig-file=\"https:\/\/i0.wp.com\/touva.net\/wp-content\/uploads\/2018\/02\/TouVA_PARVIS_web.jpg?fit=1280%2C670&amp;ssl=1\" data-orig-size=\"1280,670\" data-comments-opened=\"1\" data-image-meta=\"{&quot;aperture&quot;:&quot;0&quot;,&quot;credit&quot;:&quot;&quot;,&quot;camera&quot;:&quot;&quot;,&quot;caption&quot;:&quot;&quot;,&quot;created_timestamp&quot;:&quot;0&quot;,&quot;copyright&quot;:&quot;&quot;,&quot;focal_length&quot;:&quot;0&quot;,&quot;iso&quot;:&quot;0&quot;,&quot;shutter_speed&quot;:&quot;0&quot;,&quot;title&quot;:&quot;TouVA_pub 7e sens_F&quot;,&quot;orientation&quot;:&quot;1&quot;}\" data-image-title=\"TouVA_pub 7e sens_F\" data-image-description=\"\" data-image-caption=\"\" data-large-file=\"https:\/\/i0.wp.com\/touva.net\/wp-content\/uploads\/2018\/02\/TouVA_PARVIS_web.jpg?fit=740%2C387&amp;ssl=1\" class=\"aligncenter wp-image-1305 size-full\" src=\"https:\/\/i0.wp.com\/touva.net\/wp-content\/uploads\/2018\/02\/TouVA_PARVIS_web.jpg?resize=740%2C387&#038;ssl=1\" alt=\"\" width=\"740\" height=\"387\" srcset=\"https:\/\/i0.wp.com\/touva.net\/wp-content\/uploads\/2018\/02\/TouVA_PARVIS_web.jpg?w=1280&amp;ssl=1 1280w, https:\/\/i0.wp.com\/touva.net\/wp-content\/uploads\/2018\/02\/TouVA_PARVIS_web.jpg?resize=300%2C157&amp;ssl=1 300w, https:\/\/i0.wp.com\/touva.net\/wp-content\/uploads\/2018\/02\/TouVA_PARVIS_web.jpg?resize=768%2C402&amp;ssl=1 768w, https:\/\/i0.wp.com\/touva.net\/wp-content\/uploads\/2018\/02\/TouVA_PARVIS_web.jpg?resize=1024%2C536&amp;ssl=1 1024w\" sizes=\"auto, (max-width: 740px) 100vw, 740px\" \/><\/a><\/p>\n","protected":false},"excerpt":{"rendered":"<p>octobre 2018 Lancement du 7e sens \u00e0 Toronto: dans le cadre du festival international d&rsquo;art performance 7a*11d, TouVA sera pr\u00e9sente pour lancer son ouvrage Le 7e sens. Un chaleureux 5 \u00e0 7 ou se trouve plusieurs publications d\u00e9di\u00e9es \u00e0 l&rsquo;art performance se tient le 4 octobre au Theatre Centre, 1115 Queen St. West, Toronto. septembre &hellip; <a href=\"https:\/\/touva.net\/fr\/nouvelles\/\" class=\"more-link\">Lire la suite <span class=\"screen-reader-text\">Nouvelles<\/span><\/a><\/p>\n","protected":false},"author":1,"featured_media":0,"parent":0,"menu_order":6,"comment_status":"closed","ping_status":"closed","template":"","meta":{"footnotes":""},"class_list":["post-991","page","type-page","status-publish","hentry"],"yoast_head":"<!-- This site is optimized with the Yoast SEO plugin v27.4 - https:\/\/yoast.com\/product\/yoast-seo-wordpress\/ -->\n<title>Nouvelles - TouVA<\/title>\n<meta name=\"robots\" content=\"index, follow, max-snippet:-1, max-image-preview:large, max-video-preview:-1\" \/>\n<link rel=\"canonical\" href=\"https:\/\/touva.net\/fr\/nouvelles\/\" \/>\n<meta property=\"og:locale\" content=\"fr_FR\" \/>\n<meta property=\"og:type\" content=\"article\" \/>\n<meta property=\"og:title\" content=\"Nouvelles - TouVA\" \/>\n<meta property=\"og:description\" content=\"octobre 2018 Lancement du 7e sens \u00e0 Toronto: dans le cadre du festival international d&rsquo;art performance 7a*11d, TouVA sera pr\u00e9sente pour lancer son ouvrage Le 7e sens. Un chaleureux 5 \u00e0 7 ou se trouve plusieurs publications d\u00e9di\u00e9es \u00e0 l&rsquo;art performance se tient le 4 octobre au Theatre Centre, 1115 Queen St. West, Toronto. septembre &hellip; Lire la suite Nouvelles\" \/>\n<meta property=\"og:url\" content=\"https:\/\/touva.net\/fr\/nouvelles\/\" \/>\n<meta property=\"og:site_name\" content=\"TouVA\" \/>\n<meta property=\"article:publisher\" content=\"https:\/\/www.facebook.com\/collectifTouVA\/\" \/>\n<meta property=\"article:modified_time\" content=\"2018-09-15T16:15:19+00:00\" \/>\n<meta property=\"og:image\" content=\"https:\/\/touva.net\/wp-content\/uploads\/2014\/04\/187th_sense.jpg\" \/>\n<meta name=\"twitter:card\" content=\"summary_large_image\" \/>\n<meta name=\"twitter:label1\" content=\"Dur\u00e9e de lecture estim\u00e9e\" \/>\n\t<meta name=\"twitter:data1\" content=\"1 minute\" \/>\n<script type=\"application\/ld+json\" class=\"yoast-schema-graph\">{\"@context\":\"https:\\\/\\\/schema.org\",\"@graph\":[{\"@type\":\"WebPage\",\"@id\":\"https:\\\/\\\/touva.net\\\/fr\\\/nouvelles\\\/\",\"url\":\"https:\\\/\\\/touva.net\\\/fr\\\/nouvelles\\\/\",\"name\":\"Nouvelles - TouVA\",\"isPartOf\":{\"@id\":\"https:\\\/\\\/touva.net\\\/#website\"},\"primaryImageOfPage\":{\"@id\":\"https:\\\/\\\/touva.net\\\/fr\\\/nouvelles\\\/#primaryimage\"},\"image\":{\"@id\":\"https:\\\/\\\/touva.net\\\/fr\\\/nouvelles\\\/#primaryimage\"},\"thumbnailUrl\":\"https:\\\/\\\/touva.net\\\/wp-content\\\/uploads\\\/2014\\\/04\\\/187th_sense.jpg\",\"datePublished\":\"2017-09-28T01:31:48+00:00\",\"dateModified\":\"2018-09-15T16:15:19+00:00\",\"breadcrumb\":{\"@id\":\"https:\\\/\\\/touva.net\\\/fr\\\/nouvelles\\\/#breadcrumb\"},\"inLanguage\":\"fr-FR\",\"potentialAction\":[{\"@type\":\"ReadAction\",\"target\":[\"https:\\\/\\\/touva.net\\\/fr\\\/nouvelles\\\/\"]}]},{\"@type\":\"ImageObject\",\"inLanguage\":\"fr-FR\",\"@id\":\"https:\\\/\\\/touva.net\\\/fr\\\/nouvelles\\\/#primaryimage\",\"url\":\"https:\\\/\\\/touva.net\\\/wp-content\\\/uploads\\\/2014\\\/04\\\/187th_sense.jpg\",\"contentUrl\":\"https:\\\/\\\/touva.net\\\/wp-content\\\/uploads\\\/2014\\\/04\\\/187th_sense.jpg\"},{\"@type\":\"BreadcrumbList\",\"@id\":\"https:\\\/\\\/touva.net\\\/fr\\\/nouvelles\\\/#breadcrumb\",\"itemListElement\":[{\"@type\":\"ListItem\",\"position\":1,\"name\":\"Home\",\"item\":\"https:\\\/\\\/touva.net\\\/fr\\\/\"},{\"@type\":\"ListItem\",\"position\":2,\"name\":\"Nouvelles\"}]},{\"@type\":\"WebSite\",\"@id\":\"https:\\\/\\\/touva.net\\\/#website\",\"url\":\"https:\\\/\\\/touva.net\\\/\",\"name\":\"TouVA\",\"description\":\"Collectif de recherche en art performance\",\"potentialAction\":[{\"@type\":\"SearchAction\",\"target\":{\"@type\":\"EntryPoint\",\"urlTemplate\":\"https:\\\/\\\/touva.net\\\/?s={search_term_string}\"},\"query-input\":{\"@type\":\"PropertyValueSpecification\",\"valueRequired\":true,\"valueName\":\"search_term_string\"}}],\"inLanguage\":\"fr-FR\"}]}<\/script>\n<!-- \/ Yoast SEO plugin. -->","yoast_head_json":{"title":"Nouvelles - TouVA","robots":{"index":"index","follow":"follow","max-snippet":"max-snippet:-1","max-image-preview":"max-image-preview:large","max-video-preview":"max-video-preview:-1"},"canonical":"https:\/\/touva.net\/fr\/nouvelles\/","og_locale":"fr_FR","og_type":"article","og_title":"Nouvelles - TouVA","og_description":"octobre 2018 Lancement du 7e sens \u00e0 Toronto: dans le cadre du festival international d&rsquo;art performance 7a*11d, TouVA sera pr\u00e9sente pour lancer son ouvrage Le 7e sens. Un chaleureux 5 \u00e0 7 ou se trouve plusieurs publications d\u00e9di\u00e9es \u00e0 l&rsquo;art performance se tient le 4 octobre au Theatre Centre, 1115 Queen St. West, Toronto. septembre &hellip; Lire la suite Nouvelles","og_url":"https:\/\/touva.net\/fr\/nouvelles\/","og_site_name":"TouVA","article_publisher":"https:\/\/www.facebook.com\/collectifTouVA\/","article_modified_time":"2018-09-15T16:15:19+00:00","og_image":[{"url":"https:\/\/touva.net\/wp-content\/uploads\/2014\/04\/187th_sense.jpg","type":"","width":"","height":""}],"twitter_card":"summary_large_image","twitter_misc":{"Dur\u00e9e de lecture estim\u00e9e":"1 minute"},"schema":{"@context":"https:\/\/schema.org","@graph":[{"@type":"WebPage","@id":"https:\/\/touva.net\/fr\/nouvelles\/","url":"https:\/\/touva.net\/fr\/nouvelles\/","name":"Nouvelles - TouVA","isPartOf":{"@id":"https:\/\/touva.net\/#website"},"primaryImageOfPage":{"@id":"https:\/\/touva.net\/fr\/nouvelles\/#primaryimage"},"image":{"@id":"https:\/\/touva.net\/fr\/nouvelles\/#primaryimage"},"thumbnailUrl":"https:\/\/touva.net\/wp-content\/uploads\/2014\/04\/187th_sense.jpg","datePublished":"2017-09-28T01:31:48+00:00","dateModified":"2018-09-15T16:15:19+00:00","breadcrumb":{"@id":"https:\/\/touva.net\/fr\/nouvelles\/#breadcrumb"},"inLanguage":"fr-FR","potentialAction":[{"@type":"ReadAction","target":["https:\/\/touva.net\/fr\/nouvelles\/"]}]},{"@type":"ImageObject","inLanguage":"fr-FR","@id":"https:\/\/touva.net\/fr\/nouvelles\/#primaryimage","url":"https:\/\/touva.net\/wp-content\/uploads\/2014\/04\/187th_sense.jpg","contentUrl":"https:\/\/touva.net\/wp-content\/uploads\/2014\/04\/187th_sense.jpg"},{"@type":"BreadcrumbList","@id":"https:\/\/touva.net\/fr\/nouvelles\/#breadcrumb","itemListElement":[{"@type":"ListItem","position":1,"name":"Home","item":"https:\/\/touva.net\/fr\/"},{"@type":"ListItem","position":2,"name":"Nouvelles"}]},{"@type":"WebSite","@id":"https:\/\/touva.net\/#website","url":"https:\/\/touva.net\/","name":"TouVA","description":"Collectif de recherche en art performance","potentialAction":[{"@type":"SearchAction","target":{"@type":"EntryPoint","urlTemplate":"https:\/\/touva.net\/?s={search_term_string}"},"query-input":{"@type":"PropertyValueSpecification","valueRequired":true,"valueName":"search_term_string"}}],"inLanguage":"fr-FR"}]}},"jetpack_sharing_enabled":true,"jetpack_shortlink":"https:\/\/wp.me\/P4vtgZ-fZ","jetpack_likes_enabled":true,"_links":{"self":[{"href":"https:\/\/touva.net\/fr\/wp-json\/wp\/v2\/pages\/991","targetHints":{"allow":["GET"]}}],"collection":[{"href":"https:\/\/touva.net\/fr\/wp-json\/wp\/v2\/pages"}],"about":[{"href":"https:\/\/touva.net\/fr\/wp-json\/wp\/v2\/types\/page"}],"author":[{"embeddable":true,"href":"https:\/\/touva.net\/fr\/wp-json\/wp\/v2\/users\/1"}],"replies":[{"embeddable":true,"href":"https:\/\/touva.net\/fr\/wp-json\/wp\/v2\/comments?post=991"}],"version-history":[{"count":8,"href":"https:\/\/touva.net\/fr\/wp-json\/wp\/v2\/pages\/991\/revisions"}],"predecessor-version":[{"id":1381,"href":"https:\/\/touva.net\/fr\/wp-json\/wp\/v2\/pages\/991\/revisions\/1381"}],"wp:attachment":[{"href":"https:\/\/touva.net\/fr\/wp-json\/wp\/v2\/media?parent=991"}],"curies":[{"name":"wp","href":"https:\/\/api.w.org\/{rel}","templated":true}]}}